{"id":3,"date":"2020-02-12T14:39:22","date_gmt":"2020-02-12T14:39:22","guid":{"rendered":"http:\/\/vertriebsaktiv.de\/?page_id=3"},"modified":"2020-02-13T14:47:07","modified_gmt":"2020-02-13T14:47:07","slug":"privacy-policy","status":"publish","type":"page","link":"https:\/\/vertriebsaktiv.de\/?page_id=3","title":{"rendered":"Impressum und Datenschutzerkl\u00e4rung"},"content":{"rendered":"\n<p class=\"has-medium-font-size\"><strong>IMPRESSUM<\/strong><\/p>\n\n\n\n<p><strong>Angaben gem\u00e4\u00df \u00a7 5 TMG<\/strong><\/p>\n\n\n\n<p>Christian Lorenz, Falkstra\u00dfe 34, 66280 Sulzbach an der Saar <\/p>\n\n\n\n<p>Telefon: +49 6897 9665222<\/p>\n\n\n\n<p>E-Mail: <a href=\"mailto:christian.lorenz@vertriebsaktiv.de\">christian.lorenz@vertriebsaktiv.de<\/a><\/p>\n\n\n\n<p><strong>Verantwortlich f\u00fcr den Inhalt nach \u00a7 55 Abs. 2 RStV<\/strong><\/p>\n\n\n\n<p>Christian Lorenz, Falkstra\u00dfe 34, 66280 Sulzbach an der Saar <\/p>\n\n\n\n<p><strong>Verbraucherstreitbeilegung\/Universalschlichtungsstelle<\/strong><\/p>\n\n\n\n<p>Wir sind nicht bereit oder verpflichtet, an\nStreitbeilegungsverfahren vor einer Verbraucherschlichtungsstelle teilzunehmen.<\/p>\n\n\n\n<p><strong>Haftung f\u00fcr Inhalte<\/strong><\/p>\n\n\n\n<p>Als Diensteanbieter sind wir gem\u00e4\u00df \u00a7 7 Abs.1 TMG f\u00fcr\neigene Inhalte auf diesen Seiten nach den allgemeinen Gesetzen verantwortlich.\nNach \u00a7\u00a7 8 bis 10 TMG sind wir als Diensteanbieter jedoch nicht verpflichtet,\n\u00fcbermittelte oder gespeicherte fremde Informationen zu \u00fcberwachen oder nach\nUmst\u00e4nden zu forschen, die auf eine rechtswidrige T\u00e4tigkeit hinweisen.<\/p>\n\n\n\n<p>Verpflichtungen zur Entfernung oder Sperrung der Nutzung\nvon Informationen nach den allgemeinen Gesetzen bleiben hiervon unber\u00fchrt. Eine\ndiesbez\u00fcgliche Haftung ist jedoch erst ab dem Zeitpunkt der Kenntnis einer\nkonkreten Rechtsverletzung m\u00f6glich. Bei Bekanntwerden von entsprechenden\nRechtsverletzungen werden wir diese Inhalte umgehend entfernen.<\/p>\n\n\n\n<p><strong>Haftung f\u00fcr Links<\/strong><\/p>\n\n\n\n<p>Unser Angebot enth\u00e4lt Links zu externen Websites Dritter,\nauf deren Inhalte wir keinen Einfluss haben. Deshalb k\u00f6nnen wir f\u00fcr diese\nfremden Inhalte auch keine Gew\u00e4hr \u00fcbernehmen. F\u00fcr die Inhalte der verlinkten\nSeiten ist stets der jeweilige Anbieter oder Betreiber der Seiten verantwortlich.\nDie verlinkten Seiten wurden zum Zeitpunkt der Verlinkung auf m\u00f6gliche\nRechtsverst\u00f6\u00dfe \u00fcberpr\u00fcft. Rechtswidrige Inhalte waren zum Zeitpunkt der\nVerlinkung nicht erkennbar.<\/p>\n\n\n\n<p>Eine permanente inhaltliche Kontrolle der verlinkten\nSeiten ist jedoch ohne konkrete Anhaltspunkte einer Rechtsverletzung nicht\nzumutbar. Bei Bekanntwerden von Rechtsverletzungen werden wir derartige Links\numgehend entfernen.<\/p>\n\n\n\n<p><strong>Urheberrecht<\/strong><\/p>\n\n\n\n<p>Die durch die Seitenbetreiber erstellten Inhalte und\nWerke auf diesen Seiten unterliegen dem deutschen Urheberrecht. Die\nVervielf\u00e4ltigung, Bearbeitung, Verbreitung und jede Art der Verwertung\nau\u00dferhalb der Grenzen des Urheberrechtes bed\u00fcrfen der schriftlichen Zustimmung\ndes jeweiligen Autors bzw. Erstellers. Downloads und Kopien dieser Seite sind nur\nf\u00fcr den privaten, nicht kommerziellen Gebrauch gestattet.<\/p>\n\n\n\n<p>Soweit die Inhalte auf dieser Seite nicht vom Betreiber erstellt wurden, werden die Urheberrechte Dritter beachtet. Insbesondere werden Inhalte Dritter als solche gekennzeichnet. Sollten Sie trotzdem auf eine Urheberrechtsverletzung aufmerksam werden, bitten wir um einen entsprechenden Hinweis. Bei Bekanntwerden von Rechtsverletzungen werden wir derartige Inhalte umgehend entfernen.<\/p>\n\n\n\n<p><\/p>\n\n\n\n<p class=\"has-medium-font-size\"><strong>DATENSCHUTZERKL\u00c4RUNG<\/strong><\/p>\n\n\n\n<p><strong>1. Datenschutz auf einen Blick<\/strong><\/p>\n\n\n\n<p><strong>Allgemeine Hinweise<\/strong><\/p>\n\n\n\n<p>Die folgenden Hinweise geben einen einfachen \u00dcberblick dar\u00fcber, was mit Ihren personenbezogenen Daten passiert, wenn Sie diese Website besuchen. Personenbezogene Daten sind alle Daten, mit denen Sie pers\u00f6nlich identifiziert werden k\u00f6nnen. Ausf\u00fchrliche Informationen zum Thema Datenschutz entnehmen Sie unserer unter diesem Text aufgef\u00fchrten Datenschutzerkl\u00e4rung. <\/p>\n\n\n\n<p><strong>Datenerfassung auf dieser Website <\/strong><\/p>\n\n\n\n<p><strong>Wer ist verantwortlich f\u00fcr die Datenerfassung auf dieser Website? <\/strong><\/p>\n\n\n\n<p>Die Datenverarbeitung auf dieser Website erfolgt durch den Websitebetreiber. Dessen Kontaktdaten k\u00f6nnen Sie dem Impressum dieser Website entnehmen. <\/p>\n\n\n\n<p><strong>Wie erfassen wir Ihre Daten? <\/strong><\/p>\n\n\n\n<p>Ihre Daten werden zum einen dadurch erhoben, dass Sie uns diese mitteilen.\nHierbei kann es sich z. B. um Daten handeln, die Sie in ein Kontaktformular\neingeben. <\/p>\n\n\n\n<p>Andere Daten werden automatisch oder nach Ihrer Einwilligung beim Besuch\nder Website durch unsere IT- Systeme erfasst. Das sind vor allem technische\nDaten (z. B. Internetbrowser, Betriebssystem oder Uhrzeit des Seitenaufrufs).\nDie Erfassung dieser Daten erfolgt automatisch, sobald Sie diese Website\nbetreten. <\/p>\n\n\n\n<p><strong>Wof\u00fcr nutzen wir Ihre Daten? <\/strong><\/p>\n\n\n\n<p>Ein Teil der Daten wird erhoben, um eine fehlerfreie Bereitstellung der Website zu gew\u00e4hrleisten. Andere Daten k\u00f6nnen zur Analyse Ihres Nutzerverhaltens verwendet werden. <\/p>\n\n\n\n<p><strong>Welche Rechte haben Sie bez\u00fcglich Ihrer Daten? <\/strong><\/p>\n\n\n\n<p>Sie haben jederzeit das Recht unentgeltlich Auskunft \u00fcber Herkunft, Empf\u00e4nger und Zweck Ihrer gespeicherten personenbezogenen Daten zu erhalten. Sie haben au\u00dferdem ein Recht, die Berichtigung oder L\u00f6schung dieser Daten zu verlangen. Wenn Sie eine Einwilligung zur Datenverarbeitung erteilt haben, k\u00f6nnen Sie diese Einwilligung jederzeit f\u00fcr die Zukunft widerrufen. Au\u00dferdem haben Sie das Recht, unter bestimmten Umst\u00e4nden die Einschr\u00e4nkung der Verarbeitung Ihrer personenbezogenen Daten zu verlangen. Des Weiteren steht Ihnen ein Beschwerderecht bei der zust\u00e4ndigen Aufsichtsbeh\u00f6rde zu. <\/p>\n\n\n\n<p>Hierzu sowie zu weiteren Fragen zum Thema Datenschutz k\u00f6nnen Sie sich jederzeit unter der im Impressum angegebenen Adresse an uns wenden. <\/p>\n\n\n\n<p><strong>Analyse-Tools und Tools von Drittanbietern <\/strong><\/p>\n\n\n\n<p>Beim Besuch dieser Website kann Ihr Surf-Verhalten statistisch ausgewertet werden. Das geschieht vor allem mit Cookies und mit sogenannten Analyseprogrammen. Detaillierte Informationen zu diesen Analyseprogrammen finden Sie in der folgenden Datenschutzerkl\u00e4rung. <\/p>\n\n\n\n<p><strong>2. Hosting und Content\nDelivery Networks (CDN)<\/strong><\/p>\n\n\n\n<p><strong>Externes Hosting <\/strong><\/p>\n\n\n\n<p>Diese Website wird bei einem externen Dienstleister gehostet (Hoster). Die personenbezogenen Daten, die auf dieser Website erfasst werden, werden auf den Servern des Hosters gespeichert. Hierbei kann es sich v. a. um IP-Adressen, Kontaktanfragen, Meta- und Kommunikationsdaten, Vertragsdaten, Kontaktdaten, Namen, Webseitenzugriffe und sonstige Daten, die \u00fcber eine Website generiert werden, handeln. <\/p>\n\n\n\n<p>Der Einsatz des Hosters erfolgt zum Zwecke der Vertragserf\u00fcllung gegen\u00fcber unseren potenziellen und bestehenden Kunden (Art. 6 Abs. 1 lit. b DSGVO) und im Interesse einer sicheren, schnellen und effizienten Bereitstellung unseres Online-Angebots durch einen professionellen Anbieter (Art. 6 Abs. 1 lit. f DSGVO). <\/p>\n\n\n\n<p>Unser Hoster wird Ihre Daten nur insoweit verarbeiten, wie dies zur Erf\u00fcllung seiner Leistungspflichten erforderlich ist und unsere Weisungen in Bezug auf diese Daten befolgen. <\/p>\n\n\n\n<p><strong>Abschluss eines Vertrages \u00fcber Auftragsverarbeitung <\/strong><\/p>\n\n\n\n<p>Um die datenschutzkonforme Verarbeitung zu gew\u00e4hrleisten, haben wir einen Vertrag \u00fcber Auftragsverarbeitung mit unserem Hoster geschlossen. <\/p>\n\n\n\n<p><strong>3. Allgemeine Hinweise und Pflichtinformationen<\/strong><\/p>\n\n\n\n<p><strong>Datenschutz <\/strong><\/p>\n\n\n\n<p>Die Betreiber dieser Seiten nehmen den Schutz Ihrer pers\u00f6nlichen Daten sehr ernst. Wir behandeln Ihre personenbezogenen Daten vertraulich und entsprechend der gesetzlichen Datenschutzvorschriften sowie dieser Datenschutzerkl\u00e4rung. <\/p>\n\n\n\n<p>Wenn Sie diese Website benutzen, werden verschiedene personenbezogene Daten erhoben. Personenbezogene Daten sind Daten, mit denen Sie pers\u00f6nlich identifiziert werden k\u00f6nnen. Die vorliegende <\/p>\n\n\n\n<p>Datenschutzerkl\u00e4rung erl\u00e4utert, welche Daten wir erheben und wof\u00fcr wir sie nutzen. Sie erl\u00e4utert auch, wie und zu welchem Zweck das geschieht. <\/p>\n\n\n\n<p>Wir weisen darauf hin, dass die Daten\u00fcbertragung im Internet (z. B. bei der Kommunikation per E-Mail) Sicherheitsl\u00fccken aufweisen kann. Ein l\u00fcckenloser Schutz der Daten vor dem Zugriff durch Dritte ist nicht m\u00f6glich. <\/p>\n\n\n\n<p><strong>Hinweis zur verantwortlichen Stelle <\/strong><\/p>\n\n\n\n<p>Die verantwortliche Stelle f\u00fcr die Datenverarbeitung auf dieser Website ist: <\/p>\n\n\n\n<p>Christian Lorenz, Falkstra\u00dfe 34,<br> 66280 Sulzbach an der Saar <\/p>\n\n\n\n<p>Telefon: +49 6897 9665222<br>\nE-Mail: christian.lorenz@vertriebsaktiv.de <\/p>\n\n\n\n<p>Verantwortliche Stelle ist die nat\u00fcrliche oder juristische Person, die allein oder gemeinsam mit anderen \u00fcber die Zwecke und Mittel der Verarbeitung von personenbezogenen Daten (z. B. Namen, E-Mail-Adressen o. A\u0308.) entscheidet. <\/p>\n\n\n\n<p><strong>Widerruf Ihrer Einwilligung zur Datenverarbeitung <\/strong><\/p>\n\n\n\n<p>Viele Datenverarbeitungsvorg\u00e4nge sind nur mit Ihrer ausdr\u00fccklichen Einwilligung m\u00f6glich. Sie k\u00f6nnen eine bereits erteilte Einwilligung jederzeit widerrufen. Dazu reicht eine formlose Mitteilung per E-Mail an uns. Die Rechtm\u00e4\u00dfigkeit der bis zum Widerruf erfolgten Datenverarbeitung bleibt vom Widerruf unber\u00fchrt. <\/p>\n\n\n\n<p><strong>Widerspruchsrecht gegen die Datenerhebung in besonderen F\u00e4llen sowie gegen Direktwerbung (Art. 21 DSGVO) <\/strong><\/p>\n\n\n\n<p>WENN DIE DATENVERARBEITUNG AUF GRUNDLAGE VON ART. 6 ABS. 1 LIT. E ODER F DSGVO ERFOLGT, HABEN SIE JEDERZEIT DAS RECHT, AUS GR\u00dcNDEN, DIE SICH AUS IHRER BESONDEREN SITUATION ERGEBEN, GEGEN DIE VERARBEITUNG IHRER PERSONENBEZOGENEN DATEN WIDERSPRUCH EINZULEGEN; DIES GILT AUCH F\u00dcR EIN AUF DIESE BESTIMMUNGEN GEST\u00dcTZTES PROFILING. DIE JEWEILIGE RECHTSGRUNDLAGE, AUF DENEN EINE VERARBEITUNG BERUHT, ENTNEHMEN SIE DIESER DATENSCHUTZERKL\u00c4RUNG. WENN SIE WIDERSPRUCH EINLEGEN, WERDEN WIR IHRE BETROFFENEN PERSONENBEZOGENEN DATEN NICHT MEHR VERARBEITEN, ES SEI DENN, WIR K\u00d6NNEN ZWINGENDE SCHUTZW\u00dcRDIGE GR\u00dcNDE F\u00dcR DIE VERARBEITUNG NACHWEISEN, DIE IHRE INTERESSEN, RECHTE UND FREIHEITEN \u00dcBERWIEGEN ODER DIE VERARBEITUNG DIENT DER GELTENDMACHUNG, AUS\u00dcBUNG ODER VERTEIDIGUNG VON RECHTSANSPR\u00dcCHEN (WIDERSPRUCH NACH ART. 21 ABS. 1 DSGVO). <\/p>\n\n\n\n<p>WERDEN IHRE PERSONENBEZOGENEN DATEN VERARBEITET, UM DIREKTWERBUNG ZU BETREIBEN, SO HABEN SIE DAS RECHT, JEDERZEIT WIDERSPRUCH GEGEN DIE VERARBEITUNG SIE BETREFFENDER PERSONENBEZOGENER DATEN ZUM ZWECKE DERARTIGER WERBUNG EINZULEGEN; DIES GILT AUCH F\u00dcR DAS PROFILING, SOWEIT ES MIT SOLCHER DIREKTWERBUNG IN VERBINDUNG STEHT. WENN SIE WIDERSPRECHEN, WERDEN IHRE PERSONENBEZOGENEN DATEN ANSCHLIESSEND NICHT MEHR ZUM ZWECKE DER DIREKTWERBUNG VERWENDET (WIDERSPRUCH NACH ART. 21 ABS. 2 DSGVO). <\/p>\n\n\n\n<p><strong>Beschwerderecht bei der zust\u00e4ndigen Aufsichtsbeh\u00f6rde <\/strong><\/p>\n\n\n\n<p>Im Falle von Verst\u00f6\u00dfen gegen die DSGVO steht den Betroffenen ein Beschwerderecht bei einer Aufsichtsbeh\u00f6rde, insbesondere in dem Mitgliedstaat ihres gew\u00f6hnlichen Aufenthalts, ihres Arbeitsplatzes oder des Orts des mutma\u00dflichen Versto\u00dfes zu. Das Beschwerderecht besteht unbeschadet anderweitiger verwaltungsrechtlicher oder gerichtlicher Rechtsbehelfe. <\/p>\n\n\n\n<p><strong>Recht auf Daten\u00fcbertragbarkeit <\/strong><\/p>\n\n\n\n<p>Sie haben das Recht, Daten, die wir auf Grundlage Ihrer Einwilligung oder in Erfu\u00fclung eines Vertrags automatisiert verarbeiten, an sich oder an einen Dritten in einem g\u00e4ngigen, maschinenlesbaren Format aush\u00e4ndigen zu lassen. Sofern Sie die direkte \u00dcbertragung der Daten an einen anderen Verantwortlichen verlangen, erfolgt dies nur, soweit es technisch machbar ist. <\/p>\n\n\n\n<p><strong>SSL- bzw. TLS-Verschl\u00fcsselung <\/strong><\/p>\n\n\n\n<p>Diese Seite nutzt aus Sicherheitsgr\u00fcnden und zum Schutz der \u00dcbertragung vertraulicher Inhalte, wie zum Beispiel Bestellungen oder Anfragen, die Sie an uns als Seitenbetreiber senden, eine SSL- bzw. TLS- Verschl\u00fcsselung. Eine verschl\u00fcsselte Verbindung erkennen Sie daran, dass die Adresszeile des Browsers von \u201ehttp:\/\/\u201c auf \u201ehttps:\/\/\u201c wechselt und an dem Schloss-Symbol in Ihrer Browserzeile. <\/p>\n\n\n\n<p>Wenn die SSL- bzw. TLS-Verschl\u00fcsselung aktiviert ist, k\u00f6nnen die Daten, die Sie an uns \u00fcbermitteln, nicht von Dritten mitgelesen werden. <\/p>\n\n\n\n<p><strong>Auskunft, L\u00f6schung und Berichtigung <\/strong><\/p>\n\n\n\n<p>Sie haben im Rahmen der geltenden gesetzlichen Bestimmungen jederzeit das Recht auf unentgeltliche Auskunft \u00fcber Ihre gespeicherten personenbezogenen Daten, deren Herkunft und Empf\u00e4nger und den Zweck der Datenverarbeitung und ggf. ein Recht auf Berichtigung oder L\u00f6schung dieser Daten. Hierzu sowie zu weiteren Fragen zum Thema personenbezogene Daten k\u00f6nnen Sie sich jederzeit unter der im Impressum angegebenen Adresse an uns wenden. <\/p>\n\n\n\n<p><strong>Recht auf Einschr\u00e4nkung der Verarbeitung <\/strong><\/p>\n\n\n\n<p>Sie haben das Recht, die Einschr\u00e4nkung der Verarbeitung Ihrer personenbezogenen Daten zu verlangen. Hierzu k\u00f6nnen Sie sich jederzeit unter der im Impressum angegebenen Adresse an uns wenden. Das Recht auf Einschr\u00e4nkung der Verarbeitung besteht in folgenden F\u00e4llen: <\/p>\n\n\n\n<p>Wenn Sie die Richtigkeit Ihrer bei uns gespeicherten personenbezogenen Daten bestreiten, ben\u00f6tigen wir in der Regel Zeit, um dies zu \u00fcberpr\u00fcfen. F\u00fcr die Dauer der Pr\u00fcfung haben Sie das Recht, die Einschr\u00e4nkung der Verarbeitung Ihrer personenbezogenen Daten zu verlangen.<br> Wenn die Verarbeitung Ihrer personenbezogenen Daten unrechtm\u00e4\u00dfig geschah\/geschieht, k\u00f6nnen Sie statt der L\u00f6schung die Einschr\u00e4nkung der Datenverarbeitung verlangen. <\/p>\n\n\n\n<p>Wenn wir Ihre personenbezogenen Daten nicht mehr ben\u00f6tigen, Sie sie jedoch zur Aus\u00fcbung, Verteidigung oder Geltendmachung von Rechtsanspr\u00fcchen ben\u00f6tigen, haben Sie das Recht, statt der L\u00f6schung die Einschr\u00e4nkung der Verarbeitung Ihrer personenbezogenen Daten zu verlangen.<br> Wenn Sie einen Widerspruch nach Art. 21 Abs. 1 DSGVO eingelegt haben, muss eine Abw\u00e4gung zwischen Ihren und unseren Interessen vorgenommen werden. Solange noch nicht feststeht, wessen Interessen \u00fcberwiegen, haben Sie das Recht, die Einschr\u00e4nkung der Verarbeitung Ihrer personenbezogenen Daten zu verlangen. <\/p>\n\n\n\n<p>Wenn Sie die Verarbeitung Ihrer personenbezogenen Daten eingeschr\u00e4nkt haben, d\u00fcrfen diese Daten \u2013 von ihrer Speicherung abgesehen \u2013 nur mit Ihrer Einwilligung oder zur Geltendmachung, Aus\u00fcbung oder Verteidigung von Rechtsanspr\u00fcchen oder zum Schutz der Rechte einer anderen nat\u00fcrlichen oder juristischen Person oder aus Gr\u00fcnden eines wichtigen \u00f6ffentlichen Interesses der Europ\u00e4ischen Union oder eines Mitgliedstaats verarbeitet werden. <\/p>\n\n\n\n<p><strong>Widerspruch gegen Werbe-E-Mails <\/strong><\/p>\n\n\n\n<p>Der Nutzung von im Rahmen der Impressumspflicht ver\u00f6ffentlichten Kontaktdaten zur \u00dcbersendung von nicht ausdr\u00fccklich angeforderter Werbung und Informationsmaterialien wird hiermit widersprochen. Die Betreiber der Seiten behalten sich ausdr\u00fccklich rechtliche Schritte im Falle der unverlangten Zusendung von Werbeinformationen, etwa durch Spam-E-Mails, vor. <\/p>\n\n\n\n<p><strong>4. Analyse-Tools und Werbung <\/strong><strong>1&amp;1 Web Analytics <\/strong><\/p>\n\n\n\n<p>Diese Website nutzt die Analysedienste von 1&amp;1-Webanalytics. Anbieter ist die 1&amp;1 IONOS SE, Elgendorfer Stra\u00dfe 57, D \u2013 56410 Montabaur. Im Rahmen der Analysen mit 1&amp;1 k\u00f6nnen u. a. Besucherzahlen und \u2013verhalten (z. B. Anzahl der Seitenaufrufe, Dauer eines Webseitenbesuchs, Absprungraten), Besucherquellen (d. h., von welcher Seite der Besucher kommt), Besucherstandorte sowie technische Daten (Browser- und Betriebssystemversionen) analysiert werden. Zu diesem Zweck speichert 1&amp;1 insbesondere folgende Daten: <\/p>\n\n\n\n<p>Referrer (zuvor besuchte Webseite) angeforderte Webseite oder Datei Browsertyp und Browserversion verwendetes Betriebssystem verwendeter Ger\u00e4tetyp <\/p>\n\n\n\n<p>Uhrzeit des Zugriffs<br>\nIP-Adresse in anonymisierter Form (wird nur zur Feststellung des Orts des\nZugriffs verwendet) <\/p>\n\n\n\n<p>Die Datenerfassung erfolgt laut 1&amp;1 vollst\u00e4ndig anonymisiert, sodass sie nicht zu einzelnen Personen zur\u00fcckverfolgt werden kann. Cookies werden von 1&amp;1-Webanalytics nicht gespeichert. <\/p>\n\n\n\n<p>Die Speicherung und Analyse der Daten erfolgt auf Grundlage von Art. 6 Abs.\n1 lit. f DSGVO. Der Websitebetreiber hat ein berechtigtes Interesse an der\nstatistischen Analyse des Nutzerverhaltens, um sowohl sein Webangebot als auch\nseine Werbung zu optimieren. Sofern eine entsprechende Einwilligung abgefragt\nwurde (z. B. eine Einwilligung zur Speicherung von Cookies), erfolgt die\nVerarbeitung ausschlie\u00dflich auf Grundlage von Art. 6 Abs. 1 lit. a DSGVO; die\nEinwilligung ist jederzeit widerrufbar. <\/p>\n\n\n\n<p>Weitere Informationen zur Datenerfassung und Verarbeitung durch\n1&amp;1-Webanalytics entnehmen Sie folgenden Links: <\/p>\n\n\n\n<p><a href=\"https:\/\/hosting.1und1.de\/hilfe\/online-marketing\/\">https:\/\/hosting.1und1.de\/hilfe\/online-marketing\/<\/a><\/p>\n\n\n\n<p>https:\/\/hosting.1und1.de\/hilfe\/datenschutz\/datenverarbeitung-von-webseitenbesuchern-ihres-company-\nname-produktes\/webanalytics\/ <\/p>\n\n\n\n<p><a href=\"https:\/\/hosting.1und1.de\/terms-gtc\/terms-privacy\/\">https:\/\/hosting.1und1.de\/terms-gtc\/terms-privacy\/<\/a><\/p>\n\n\n\n<p><strong>Auftragsverarbeitung <\/strong><\/p>\n\n\n\n<p>Wir haben mit 1&amp;1 einen Vertrag zur Auftragsverarbeitung abgeschlossen.\nDieser Vertrag soll den datenschutzkonformen Umgang mit Ihren personenbezogenen\nDaten durch 1&amp;1 sicherstellen. <\/p>\n\n\n\n<p><strong>5. Plugins und Tools <\/strong><strong>Google Web Fonts<\/strong><\/p>\n\n\n\n<p>Diese Seite nutzt zur einheitlichen Darstellung von Schriftarten so\ngenannte Web Fonts, die von Google bereitgestellt werden. Die Google Fonts sind\nlokal installiert. Eine Verbindung zu Servern von Google findet dabei nicht\nstatt. <\/p>\n\n\n\n<p>Weitere Informationen zu Google Web Fonts finden Sie unter\nhttps:\/\/developers.google.com\/fonts\/faq und in der Datenschutzerkla\u0308rung von Google: <a href=\"https:\/\/policies.google.com\/privacy?hl=de\">https:\/\/policies.google.com\/privacy?hl=de<\/a>.<\/p>\n\n\n\n<p>Quelle: <\/p>\n\n\n\n<p><a href=\"https:\/\/www.e-recht24.de\/muster-datenschutzerklaerung.html\">https:\/\/www.e-recht24.de\/muster-datenschutzerklaerung.html<\/a><\/p>\n","protected":false},"excerpt":{"rendered":"<p>IMPRESSUM Angaben gem\u00e4\u00df \u00a7 5 TMG Christian Lorenz, Falkstra\u00dfe 34, 66280 Sulzbach an der Saar Telefon: +49 6897 9665222 E-Mail: christian.lorenz@vertriebsaktiv.de Verantwortlich f\u00fcr den Inhalt nach \u00a7 55 Abs. 2 RStV Christian Lorenz, Falkstra\u00dfe 34, 66280 Sulzbach an der Saar Verbraucherstreitbeilegung\/Universalschlichtungsstelle Wir sind nicht bereit oder verpflichtet, an Streitbeilegungsverfahren vor einer Verbraucherschlichtungsstelle teilzunehmen. Haftung f\u00fcr &hellip; <a href=\"https:\/\/vertriebsaktiv.de\/?page_id=3\" class=\"more-link\"><span class=\"screen-reader-text\">&#8222;Impressum und Datenschutzerkl\u00e4rung&#8220; <\/span>weiterlesen<\/a><\/p>\n","protected":false},"author":1,"featured_media":0,"parent":0,"menu_order":0,"comment_status":"closed","ping_status":"open","template":"","meta":[],"_links":{"self":[{"href":"https:\/\/vertriebsaktiv.de\/index.php?rest_route=\/wp\/v2\/pages\/3"}],"collection":[{"href":"https:\/\/vertriebsaktiv.de\/index.php?rest_route=\/wp\/v2\/pages"}],"about":[{"href":"https:\/\/vertriebsaktiv.de\/index.php?rest_route=\/wp\/v2\/types\/page"}],"author":[{"embeddable":true,"href":"https:\/\/vertriebsaktiv.de\/index.php?rest_route=\/wp\/v2\/users\/1"}],"replies":[{"embeddable":true,"href":"https:\/\/vertriebsaktiv.de\/index.php?rest_route=%2Fwp%2Fv2%2Fcomments&post=3"}],"version-history":[{"count":6,"href":"https:\/\/vertriebsaktiv.de\/index.php?rest_route=\/wp\/v2\/pages\/3\/revisions"}],"predecessor-version":[{"id":30,"href":"https:\/\/vertriebsaktiv.de\/index.php?rest_route=\/wp\/v2\/pages\/3\/revisions\/30"}],"wp:attachment":[{"href":"https:\/\/vertriebsaktiv.de\/index.php?rest_route=%2Fwp%2Fv2%2Fmedia&parent=3"}],"curies":[{"name":"wp","href":"https:\/\/api.w.org\/{rel}","templated":true}]}}